{"id":2,"date":"2022-01-27T23:58:08","date_gmt":"2022-01-27T22:58:08","guid":{"rendered":"http:\/\/musique-en-perigord.fr\/?page_id=2"},"modified":"2022-04-24T17:38:54","modified_gmt":"2022-04-24T15:38:54","slug":"les-4-saisons-du-festival","status":"publish","type":"page","link":"https:\/\/musique-en-perigord.fr\/en\/4-seasons-of-the-festival\/","title":{"rendered":"The 4 seasons of the festival"},"content":{"rendered":"\n\n\n\n\n[et_pb_section][et_pb_row][et_pb_column type=\u00a0\u00bb4_4&Prime;][et_pb_text]<!-- divi:paragraph -->\n<p>\u25fc\ufe0e Les&nbsp;<strong>P\u00e9rigordins<\/strong>, en faisant vivre leurs communes, en impliquant l\u2019\u00e9conomie locale et en faisant d\u00e9couvrir des talents locaux <\/p>\n<!-- \/divi:paragraph -->\n\n<!-- divi:paragraph -->\n<p>\u25fc\ufe0e Les&nbsp;<strong>amateurs de musique ou musiciens amateurs<\/strong>, avec une programmation vari\u00e9e et \u00e9volutive tout au long du festival <\/p>\n<!-- \/divi:paragraph -->\n\n<!-- divi:paragraph -->\n<p>\u25fc\ufe0e Les&nbsp;<strong>n\u00e9ophytes<\/strong>, en proposant aussi un r\u00e9pertoire d\u2019\u0153uvres plus accessibles <\/p>\n<!-- \/divi:paragraph -->\n\n<!-- divi:paragraph -->\n<p>\u25fc\ufe0e Les&nbsp;<strong>familles<\/strong>, attir\u00e9es par un spectacle p\u00e9dagogique pour les enfants&nbsp;<\/p>\n<!-- \/divi:paragraph -->\n\n<!-- divi:paragraph -->\n<p>\u25fc\ufe0e&nbsp;Les&nbsp;<strong>amoureux du P\u00e9rigord<\/strong>&nbsp;qui reviennent de saison en saison <\/p>\n<!-- \/divi:paragraph -->\n\n<!-- divi:paragraph -->\n<p>\u25fc\ufe0e Tous ceux qui aiment se retrouver dans un cadre festif et convivial o\u00f9 les diff\u00e9rentes g\u00e9n\u00e9rations se m\u00e9langent<\/p>\n<!-- \/divi:paragraph -->[\/et_pb_text][\/et_pb_column][\/et_pb_row][\/et_pb_section]\n\n\n\n\n","protected":false},"excerpt":{"rendered":"","protected":false},"author":1,"featured_media":0,"parent":0,"menu_order":0,"comment_status":"closed","ping_status":"open","template":"","meta":{"footnotes":""},"class_list":["post-2","page","type-page","status-publish","hentry"],"_links":{"self":[{"href":"https:\/\/musique-en-perigord.fr\/en\/wp-json\/wp\/v2\/pages\/2","targetHints":{"allow":["GET"]}}],"collection":[{"href":"https:\/\/musique-en-perigord.fr\/en\/wp-json\/wp\/v2\/pages"}],"about":[{"href":"https:\/\/musique-en-perigord.fr\/en\/wp-json\/wp\/v2\/types\/page"}],"author":[{"embeddable":true,"href":"https:\/\/musique-en-perigord.fr\/en\/wp-json\/wp\/v2\/users\/1"}],"replies":[{"embeddable":true,"href":"https:\/\/musique-en-perigord.fr\/en\/wp-json\/wp\/v2\/comments?post=2"}],"version-history":[{"count":1,"href":"https:\/\/musique-en-perigord.fr\/en\/wp-json\/wp\/v2\/pages\/2\/revisions"}],"predecessor-version":[{"id":25650,"href":"https:\/\/musique-en-perigord.fr\/en\/wp-json\/wp\/v2\/pages\/2\/revisions\/25650"}],"wp:attachment":[{"href":"https:\/\/musique-en-perigord.fr\/en\/wp-json\/wp\/v2\/media?parent=2"}],"curies":[{"name":"wp","href":"https:\/\/api.w.org\/{rel}","templated":true}]}}