{"id":27996,"date":"2024-04-03T17:17:01","date_gmt":"2024-04-03T15:17:01","guid":{"rendered":"https:\/\/musique-en-perigord.fr\/?page_id=27996"},"modified":"2026-04-12T20:43:50","modified_gmt":"2026-04-12T18:43:50","slug":"au-fil-des-saisons-2026","status":"publish","type":"page","link":"https:\/\/musique-en-perigord.fr\/en\/au-fil-des-saisons-2024\/","title":{"rendered":"Au fil des saisons 2026"},"content":{"rendered":"\t\t<div data-elementor-type=\"wp-page\" data-elementor-id=\"27996\" class=\"elementor elementor-27996\" data-elementor-post-type=\"page\">\n\t\t\t\t<div class=\"elementor-element elementor-element-2c3361a6 e-con-full e-flex e-con e-parent\" data-id=\"2c3361a6\" data-element_type=\"container\" data-e-type=\"container\" data-settings=\"{&quot;background_background&quot;:&quot;classic&quot;,&quot;sticky&quot;:&quot;top&quot;,&quot;sticky_on&quot;:[&quot;desktop&quot;,&quot;tablet&quot;,&quot;mobile&quot;],&quot;sticky_offset&quot;:0,&quot;sticky_effects_offset&quot;:0,&quot;sticky_anchor_link_offset&quot;:0}\">\n\t\t\t\t<div class=\"elementor-element elementor-element-574bbdbe elementor-widget__width-initial elementor-widget elementor-widget-theme-site-logo elementor-widget-image\" data-id=\"574bbdbe\" data-element_type=\"widget\" data-e-type=\"widget\" data-widget_type=\"theme-site-logo.default\">\n\t\t\t\t<div class=\"elementor-widget-container\">\n\t\t\t\t\t\t\t\t\t\t\t<a href=\"https:\/\/musique-en-perigord.fr\/en\">\n\t\t\t<img fetchpriority=\"high\" decoding=\"async\" width=\"768\" height=\"768\" src=\"https:\/\/musique-en-perigord.fr\/wp-content\/uploads\/2024\/03\/Logo-MeP-2024-768x768.png\" class=\"attachment-medium_large size-medium_large wp-image-27190\" alt=\"\" srcset=\"https:\/\/musique-en-perigord.fr\/wp-content\/uploads\/2024\/03\/Logo-MeP-2024-768x768.png 768w, https:\/\/musique-en-perigord.fr\/wp-content\/uploads\/2024\/03\/Logo-MeP-2024-300x300.png 300w, https:\/\/musique-en-perigord.fr\/wp-content\/uploads\/2024\/03\/Logo-MeP-2024-1024x1024.png 1024w, https:\/\/musique-en-perigord.fr\/wp-content\/uploads\/2024\/03\/Logo-MeP-2024-150x150.png 150w, https:\/\/musique-en-perigord.fr\/wp-content\/uploads\/2024\/03\/Logo-MeP-2024-1536x1536.png 1536w, https:\/\/musique-en-perigord.fr\/wp-content\/uploads\/2024\/03\/Logo-MeP-2024-12x12.png 12w, https:\/\/musique-en-perigord.fr\/wp-content\/uploads\/2024\/03\/elementor\/thumbs\/Logo-MeP-2024-ql7d85gg8sose7dr6gwai1ztv6tvp0afmkaqo7nv8o.png 100w, https:\/\/musique-en-perigord.fr\/wp-content\/uploads\/2024\/03\/Logo-MeP-2024.png 1563w\" sizes=\"(max-width: 768px) 100vw, 768px\" \/>\t\t\t\t<\/a>\n\t\t\t\t\t\t\t\t\t\t\t<\/div>\n\t\t\t\t<\/div>\n\t\t\t\t<div class=\"elementor-element elementor-element-33064761 elementor-nav-menu--stretch elementor-nav-menu--dropdown-mobile elementor-nav-menu__text-align-aside elementor-nav-menu--toggle elementor-nav-menu--burger elementor-widget elementor-widget-nav-menu\" data-id=\"33064761\" data-element_type=\"widget\" data-e-type=\"widget\" data-settings=\"{&quot;full_width&quot;:&quot;stretch&quot;,&quot;layout&quot;:&quot;horizontal&quot;,&quot;submenu_icon&quot;:{&quot;value&quot;:&quot;&lt;svg class=\\&quot;e-font-icon-svg e-fas-caret-down\\&quot; viewBox=\\&quot;0 0 320 512\\&quot; xmlns=\\&quot;http:\\\/\\\/www.w3.org\\\/2000\\\/svg\\&quot;&gt;&lt;path d=\\&quot;M31.3 192h257.3c17.8 0 26.7 21.5 14.1 34.1L174.1 354.8c-7.8 7.8-20.5 7.8-28.3 0L17.2 226.1C4.6 213.5 13.5 192 31.3 192z\\&quot;&gt;&lt;\\\/path&gt;&lt;\\\/svg&gt;&quot;,&quot;library&quot;:&quot;fa-solid&quot;},&quot;toggle&quot;:&quot;burger&quot;}\" data-widget_type=\"nav-menu.default\">\n\t\t\t\t<div class=\"elementor-widget-container\">\n\t\t\t\t\t\t\t\t<nav aria-label=\"Menu\" class=\"elementor-nav-menu--main elementor-nav-menu__container elementor-nav-menu--layout-horizontal e--pointer-underline e--animation-fade\">\n\t\t\t\t<ul id=\"menu-1-33064761\" class=\"elementor-nav-menu\"><li class=\"menu-item menu-item-type-post_type menu-item-object-page menu-item-28905\"><a href=\"https:\/\/musique-en-perigord.fr\/en\/festival-2025\/\" class=\"elementor-item\">Festival 2026<\/a><\/li>\n<li class=\"menu-item menu-item-type-post_type menu-item-object-page menu-item-28989\"><a href=\"https:\/\/musique-en-perigord.fr\/en\/au-fil-des-saisons-2024\/\" class=\"elementor-item\">Au fil des saisons 2026<\/a><\/li>\n<li class=\"menu-item menu-item-type-post_type menu-item-object-page menu-item-27981\"><a href=\"https:\/\/musique-en-perigord.fr\/en\/rates-passes-and-mecenat\/\" class=\"elementor-item\">Tarifs, Adh\u00e9sion et M\u00e9c\u00e9nat<\/a><\/li>\n<li class=\"menu-item menu-item-type-post_type menu-item-object-page menu-item-27982\"><a href=\"https:\/\/musique-en-perigord.fr\/en\/press-3\/\" class=\"elementor-item\">Presse<\/a><\/li>\n<\/ul>\t\t\t<\/nav>\n\t\t\t\t\t<div class=\"elementor-menu-toggle\" role=\"button\" tabindex=\"0\" aria-label=\"Menu Toggle\" aria-expanded=\"false\">\n\t\t\t<svg aria-hidden=\"true\" role=\"presentation\" class=\"elementor-menu-toggle__icon--open e-font-icon-svg e-eicon-menu-bar\" viewBox=\"0 0 1000 1000\" xmlns=\"http:\/\/www.w3.org\/2000\/svg\"><path d=\"M104 333H896C929 333 958 304 958 271S929 208 896 208H104C71 208 42 237 42 271S71 333 104 333ZM104 583H896C929 583 958 554 958 521S929 458 896 458H104C71 458 42 487 42 521S71 583 104 583ZM104 833H896C929 833 958 804 958 771S929 708 896 708H104C71 708 42 737 42 771S71 833 104 833Z\"><\/path><\/svg><svg aria-hidden=\"true\" role=\"presentation\" class=\"elementor-menu-toggle__icon--close e-font-icon-svg e-eicon-close\" viewBox=\"0 0 1000 1000\" xmlns=\"http:\/\/www.w3.org\/2000\/svg\"><path d=\"M742 167L500 408 258 167C246 154 233 150 217 150 196 150 179 158 167 167 154 179 150 196 150 212 150 229 154 242 171 254L408 500 167 742C138 771 138 800 167 829 196 858 225 858 254 829L496 587 738 829C750 842 767 846 783 846 800 846 817 842 829 829 842 817 846 804 846 783 846 767 842 750 829 737L588 500 833 258C863 229 863 200 833 171 804 137 775 137 742 167Z\"><\/path><\/svg>\t\t<\/div>\n\t\t\t\t\t<nav class=\"elementor-nav-menu--dropdown elementor-nav-menu__container\" aria-hidden=\"true\">\n\t\t\t\t<ul id=\"menu-2-33064761\" class=\"elementor-nav-menu\"><li class=\"menu-item menu-item-type-post_type menu-item-object-page menu-item-28905\"><a href=\"https:\/\/musique-en-perigord.fr\/en\/festival-2025\/\" class=\"elementor-item\" tabindex=\"-1\">Festival 2026<\/a><\/li>\n<li class=\"menu-item menu-item-type-post_type menu-item-object-page menu-item-28989\"><a href=\"https:\/\/musique-en-perigord.fr\/en\/au-fil-des-saisons-2024\/\" class=\"elementor-item\" tabindex=\"-1\">Au fil des saisons 2026<\/a><\/li>\n<li class=\"menu-item menu-item-type-post_type menu-item-object-page menu-item-27981\"><a href=\"https:\/\/musique-en-perigord.fr\/en\/rates-passes-and-mecenat\/\" class=\"elementor-item\" tabindex=\"-1\">Tarifs, Adh\u00e9sion et M\u00e9c\u00e9nat<\/a><\/li>\n<li class=\"menu-item menu-item-type-post_type menu-item-object-page menu-item-27982\"><a href=\"https:\/\/musique-en-perigord.fr\/en\/press-3\/\" class=\"elementor-item\" tabindex=\"-1\">Presse<\/a><\/li>\n<\/ul>\t\t\t<\/nav>\n\t\t\t\t\t\t<\/div>\n\t\t\t\t<\/div>\n\t\t\t\t<div class=\"elementor-element elementor-element-2d4dd88a elementor-align-right elementor-widget elementor-widget-button\" data-id=\"2d4dd88a\" data-element_type=\"widget\" data-e-type=\"widget\" data-widget_type=\"button.default\">\n\t\t\t\t<div class=\"elementor-widget-container\">\n\t\t\t\t\t\t\t\t\t<div class=\"elementor-button-wrapper\">\n\t\t\t\t\t<a class=\"elementor-button elementor-button-link elementor-size-md\" href=\"https:\/\/www.billetweb.fr\/pro\/musique-en-perigord\">\n\t\t\t\t\t\t<span class=\"elementor-button-content-wrapper\">\n\t\t\t\t\t\t\t\t\t<span class=\"elementor-button-text\">BILLETTERIE<\/span>\n\t\t\t\t\t<\/span>\n\t\t\t\t\t<\/a>\n\t\t\t\t<\/div>\n\t\t\t\t\t\t\t\t<\/div>\n\t\t\t\t<\/div>\n\t\t\t\t<\/div>\n\t\t<div class=\"elementor-element elementor-element-65ae579 e-flex e-con-boxed e-con e-parent\" data-id=\"65ae579\" data-element_type=\"container\" data-e-type=\"container\" data-settings=\"{&quot;background_background&quot;:&quot;classic&quot;,&quot;background_motion_fx_motion_fx_scrolling&quot;:&quot;yes&quot;,&quot;background_motion_fx_opacity_effect&quot;:&quot;yes&quot;,&quot;background_motion_fx_opacity_direction&quot;:&quot;in-out-in&quot;,&quot;background_motion_fx_opacity_level&quot;:{&quot;unit&quot;:&quot;px&quot;,&quot;size&quot;:7.5,&quot;sizes&quot;:[]},&quot;background_motion_fx_scale_effect&quot;:&quot;yes&quot;,&quot;background_motion_fx_scale_speed&quot;:{&quot;unit&quot;:&quot;px&quot;,&quot;size&quot;:2,&quot;sizes&quot;:[]},&quot;background_motion_fx_scale_range&quot;:{&quot;unit&quot;:&quot;%&quot;,&quot;size&quot;:&quot;&quot;,&quot;sizes&quot;:{&quot;start&quot;:50,&quot;end&quot;:100}},&quot;background_motion_fx_opacity_range&quot;:{&quot;unit&quot;:&quot;%&quot;,&quot;size&quot;:&quot;&quot;,&quot;sizes&quot;:{&quot;start&quot;:20,&quot;end&quot;:80}},&quot;background_motion_fx_scale_direction&quot;:&quot;out-in&quot;,&quot;background_motion_fx_devices&quot;:[&quot;desktop&quot;,&quot;tablet&quot;,&quot;mobile&quot;]}\">\n\t\t\t\t\t<div class=\"e-con-inner\">\n\t\t<div class=\"elementor-element elementor-element-77b3bd2 e-flex e-con-boxed e-con e-child\" data-id=\"77b3bd2\" data-element_type=\"container\" data-e-type=\"container\">\n\t\t\t\t\t<div class=\"e-con-inner\">\n\t\t\t\t<div class=\"elementor-element elementor-element-0c74cdf elementor-widget elementor-widget-image\" data-id=\"0c74cdf\" data-element_type=\"widget\" data-e-type=\"widget\" data-widget_type=\"image.default\">\n\t\t\t\t<div class=\"elementor-widget-container\">\n\t\t\t\t\t\t\t\t\t\t\t\t\t\t\t<img decoding=\"async\" width=\"300\" height=\"300\" src=\"https:\/\/musique-en-perigord.fr\/wp-content\/uploads\/2024\/03\/Logo-MeP-2024-300x300.png\" class=\"attachment-medium size-medium wp-image-27190\" alt=\"\" srcset=\"https:\/\/musique-en-perigord.fr\/wp-content\/uploads\/2024\/03\/Logo-MeP-2024-300x300.png 300w, https:\/\/musique-en-perigord.fr\/wp-content\/uploads\/2024\/03\/Logo-MeP-2024-1024x1024.png 1024w, https:\/\/musique-en-perigord.fr\/wp-content\/uploads\/2024\/03\/Logo-MeP-2024-150x150.png 150w, https:\/\/musique-en-perigord.fr\/wp-content\/uploads\/2024\/03\/Logo-MeP-2024-768x768.png 768w, https:\/\/musique-en-perigord.fr\/wp-content\/uploads\/2024\/03\/Logo-MeP-2024-1536x1536.png 1536w, https:\/\/musique-en-perigord.fr\/wp-content\/uploads\/2024\/03\/Logo-MeP-2024-12x12.png 12w, https:\/\/musique-en-perigord.fr\/wp-content\/uploads\/2024\/03\/elementor\/thumbs\/Logo-MeP-2024-ql7d85gg8sose7dr6gwai1ztv6tvp0afmkaqo7nv8o.png 100w, https:\/\/musique-en-perigord.fr\/wp-content\/uploads\/2024\/03\/Logo-MeP-2024.png 1563w\" sizes=\"(max-width: 300px) 100vw, 300px\" \/>\t\t\t\t\t\t\t\t\t\t\t\t\t\t\t<\/div>\n\t\t\t\t<\/div>\n\t\t\t\t<div class=\"elementor-element elementor-element-2ae2d1a elementor-invisible elementor-widget elementor-widget-heading\" data-id=\"2ae2d1a\" data-element_type=\"widget\" data-e-type=\"widget\" data-settings=\"{&quot;_animation&quot;:&quot;slideInDown&quot;}\" data-widget_type=\"heading.default\">\n\t\t\t\t<div class=\"elementor-widget-container\">\n\t\t\t\t\t<h1 class=\"elementor-heading-title elementor-size-default\">La musique continue de tisser son fil au c\u0153ur du P\u00e9rigord\u2026 Nous vous donnons rendez-vous l'ann\u00e9e prochaine pour Au fil des Saisons 2026, une \u00e9dition toujours plus vibrante et passionn\u00e9e.<\/h1>\t\t\t\t<\/div>\n\t\t\t\t<\/div>\n\t\t\t\t<div class=\"elementor-element elementor-element-e05e61c elementor-align-center elementor-invisible elementor-widget elementor-widget-button\" data-id=\"e05e61c\" data-element_type=\"widget\" data-e-type=\"widget\" data-settings=\"{&quot;_animation&quot;:&quot;slideInDown&quot;}\" data-widget_type=\"button.default\">\n\t\t\t\t<div class=\"elementor-widget-container\">\n\t\t\t\t\t\t\t\t\t<div class=\"elementor-button-wrapper\">\n\t\t\t\t\t<a class=\"elementor-button elementor-button-link elementor-size-sm\" href=\"http:\/\/musique-en-perigord.fr\/wp-content\/uploads\/2026\/04\/Programme-2026.pdf\" target=\"_blank\">\n\t\t\t\t\t\t<span class=\"elementor-button-content-wrapper\">\n\t\t\t\t\t\t\t\t\t<span class=\"elementor-button-text\">D\u00c9COUVRIR LE PROGRAMME 2026<\/span>\n\t\t\t\t\t<\/span>\n\t\t\t\t\t<\/a>\n\t\t\t\t<\/div>\n\t\t\t\t\t\t\t\t<\/div>\n\t\t\t\t<\/div>\n\t\t\t\t\t<\/div>\n\t\t\t\t<\/div>\n\t\t\t\t\t<\/div>\n\t\t\t\t<\/div>\n\t\t\t\t<\/div>\n\t\t","protected":false},"excerpt":{"rendered":"<p>BILLETTERIE La musique continue de tisser son fil au c\u0153ur du P\u00e9rigord\u2026 Nous vous donnons rendez-vous l&rsquo;ann\u00e9e prochaine pour Au fil des Saisons 2026, une \u00e9dition toujours plus vibrante et passionn\u00e9e. D\u00c9COUVRIR LE PROGRAMME 2026<\/p>","protected":false},"author":5,"featured_media":0,"parent":0,"menu_order":0,"comment_status":"closed","ping_status":"closed","template":"","meta":{"footnotes":""},"class_list":["post-27996","page","type-page","status-publish","hentry"],"_links":{"self":[{"href":"https:\/\/musique-en-perigord.fr\/en\/wp-json\/wp\/v2\/pages\/27996","targetHints":{"allow":["GET"]}}],"collection":[{"href":"https:\/\/musique-en-perigord.fr\/en\/wp-json\/wp\/v2\/pages"}],"about":[{"href":"https:\/\/musique-en-perigord.fr\/en\/wp-json\/wp\/v2\/types\/page"}],"author":[{"embeddable":true,"href":"https:\/\/musique-en-perigord.fr\/en\/wp-json\/wp\/v2\/users\/5"}],"replies":[{"embeddable":true,"href":"https:\/\/musique-en-perigord.fr\/en\/wp-json\/wp\/v2\/comments?post=27996"}],"version-history":[{"count":69,"href":"https:\/\/musique-en-perigord.fr\/en\/wp-json\/wp\/v2\/pages\/27996\/revisions"}],"predecessor-version":[{"id":29392,"href":"https:\/\/musique-en-perigord.fr\/en\/wp-json\/wp\/v2\/pages\/27996\/revisions\/29392"}],"wp:attachment":[{"href":"https:\/\/musique-en-perigord.fr\/en\/wp-json\/wp\/v2\/media?parent=27996"}],"curies":[{"name":"wp","href":"https:\/\/api.w.org\/{rel}","templated":true}]}}