{"id":28990,"date":"2025-06-06T17:44:17","date_gmt":"2025-06-06T15:44:17","guid":{"rendered":"https:\/\/musique-en-perigord.fr\/?page_id=28990"},"modified":"2025-06-06T17:50:32","modified_gmt":"2025-06-06T15:50:32","slug":"au-fil-des-saisons-2025-finale","status":"publish","type":"page","link":"https:\/\/musique-en-perigord.fr\/en\/au-fil-des-saisons-2025-finale\/","title":{"rendered":"Seasonal 2025 final"},"content":{"rendered":"\t\t<div data-elementor-type=\"wp-page\" data-elementor-id=\"28990\" class=\"elementor elementor-28990\" data-elementor-post-type=\"page\">\n\t\t\t\t<div class=\"elementor-element elementor-element-6b7980cd e-con-full e-flex e-con e-parent\" data-id=\"6b7980cd\" data-element_type=\"container\" data-e-type=\"container\" data-settings=\"{&quot;background_background&quot;:&quot;classic&quot;,&quot;sticky&quot;:&quot;top&quot;,&quot;sticky_on&quot;:[&quot;desktop&quot;,&quot;tablet&quot;,&quot;mobile&quot;],&quot;sticky_offset&quot;:0,&quot;sticky_effects_offset&quot;:0,&quot;sticky_anchor_link_offset&quot;:0}\">\n\t\t\t\t<div class=\"elementor-element elementor-element-345b39db elementor-widget__width-initial elementor-widget elementor-widget-theme-site-logo elementor-widget-image\" data-id=\"345b39db\" data-element_type=\"widget\" data-e-type=\"widget\" data-widget_type=\"theme-site-logo.default\">\n\t\t\t\t<div class=\"elementor-widget-container\">\n\t\t\t\t\t\t\t\t\t\t\t<a href=\"https:\/\/musique-en-perigord.fr\/en\">\n\t\t\t<img fetchpriority=\"high\" decoding=\"async\" width=\"768\" height=\"768\" src=\"https:\/\/musique-en-perigord.fr\/wp-content\/uploads\/2024\/03\/Logo-MeP-2024-768x768.png\" class=\"attachment-medium_large size-medium_large wp-image-27190\" alt=\"\" srcset=\"https:\/\/musique-en-perigord.fr\/wp-content\/uploads\/2024\/03\/Logo-MeP-2024-768x768.png 768w, https:\/\/musique-en-perigord.fr\/wp-content\/uploads\/2024\/03\/Logo-MeP-2024-300x300.png 300w, https:\/\/musique-en-perigord.fr\/wp-content\/uploads\/2024\/03\/Logo-MeP-2024-1024x1024.png 1024w, https:\/\/musique-en-perigord.fr\/wp-content\/uploads\/2024\/03\/Logo-MeP-2024-150x150.png 150w, https:\/\/musique-en-perigord.fr\/wp-content\/uploads\/2024\/03\/Logo-MeP-2024-1536x1536.png 1536w, https:\/\/musique-en-perigord.fr\/wp-content\/uploads\/2024\/03\/Logo-MeP-2024-12x12.png 12w, https:\/\/musique-en-perigord.fr\/wp-content\/uploads\/2024\/03\/elementor\/thumbs\/Logo-MeP-2024-ql7d85gg8sose7dr6gwai1ztv6tvp0afmkaqo7nv8o.png 100w, https:\/\/musique-en-perigord.fr\/wp-content\/uploads\/2024\/03\/Logo-MeP-2024.png 1563w\" sizes=\"(max-width: 768px) 100vw, 768px\" \/>\t\t\t\t<\/a>\n\t\t\t\t\t\t\t\t\t\t\t<\/div>\n\t\t\t\t<\/div>\n\t\t\t\t<div class=\"elementor-element elementor-element-36e52540 elementor-nav-menu--stretch elementor-nav-menu--dropdown-mobile elementor-nav-menu__text-align-aside elementor-nav-menu--toggle elementor-nav-menu--burger elementor-widget elementor-widget-nav-menu\" data-id=\"36e52540\" data-element_type=\"widget\" data-e-type=\"widget\" data-settings=\"{&quot;full_width&quot;:&quot;stretch&quot;,&quot;layout&quot;:&quot;horizontal&quot;,&quot;submenu_icon&quot;:{&quot;value&quot;:&quot;&lt;svg class=\\&quot;e-font-icon-svg e-fas-caret-down\\&quot; viewBox=\\&quot;0 0 320 512\\&quot; xmlns=\\&quot;http:\\\/\\\/www.w3.org\\\/2000\\\/svg\\&quot;&gt;&lt;path d=\\&quot;M31.3 192h257.3c17.8 0 26.7 21.5 14.1 34.1L174.1 354.8c-7.8 7.8-20.5 7.8-28.3 0L17.2 226.1C4.6 213.5 13.5 192 31.3 192z\\&quot;&gt;&lt;\\\/path&gt;&lt;\\\/svg&gt;&quot;,&quot;library&quot;:&quot;fa-solid&quot;},&quot;toggle&quot;:&quot;burger&quot;}\" data-widget_type=\"nav-menu.default\">\n\t\t\t\t<div class=\"elementor-widget-container\">\n\t\t\t\t\t\t\t\t<nav aria-label=\"Menu\" class=\"elementor-nav-menu--main elementor-nav-menu__container elementor-nav-menu--layout-horizontal e--pointer-underline e--animation-fade\">\n\t\t\t\t<ul id=\"menu-1-36e52540\" class=\"elementor-nav-menu\"><li class=\"menu-item menu-item-type-post_type menu-item-object-page menu-item-28905\"><a href=\"https:\/\/musique-en-perigord.fr\/en\/festival-2025\/\" class=\"elementor-item\">Festival 2025<\/a><\/li>\n<li class=\"menu-item menu-item-type-post_type menu-item-object-page menu-item-28989\"><a href=\"https:\/\/musique-en-perigord.fr\/en\/au-fil-des-saisons-2024\/\" class=\"elementor-item\">Au fil des saisons 2025<\/a><\/li>\n<li class=\"menu-item menu-item-type-post_type menu-item-object-page menu-item-27981\"><a href=\"https:\/\/musique-en-perigord.fr\/en\/rates-passes-and-mecenat\/\" class=\"elementor-item\">Tarifs, Adh\u00e9sion et M\u00e9c\u00e9nat<\/a><\/li>\n<li class=\"menu-item menu-item-type-post_type menu-item-object-page menu-item-27982\"><a href=\"https:\/\/musique-en-perigord.fr\/en\/press-3\/\" class=\"elementor-item\">Presse<\/a><\/li>\n<\/ul>\t\t\t<\/nav>\n\t\t\t\t\t<div class=\"elementor-menu-toggle\" role=\"button\" tabindex=\"0\" aria-label=\"Menu Toggle\" aria-expanded=\"false\">\n\t\t\t<svg aria-hidden=\"true\" role=\"presentation\" class=\"elementor-menu-toggle__icon--open e-font-icon-svg e-eicon-menu-bar\" viewBox=\"0 0 1000 1000\" xmlns=\"http:\/\/www.w3.org\/2000\/svg\"><path d=\"M104 333H896C929 333 958 304 958 271S929 208 896 208H104C71 208 42 237 42 271S71 333 104 333ZM104 583H896C929 583 958 554 958 521S929 458 896 458H104C71 458 42 487 42 521S71 583 104 583ZM104 833H896C929 833 958 804 958 771S929 708 896 708H104C71 708 42 737 42 771S71 833 104 833Z\"><\/path><\/svg><svg aria-hidden=\"true\" role=\"presentation\" class=\"elementor-menu-toggle__icon--close e-font-icon-svg e-eicon-close\" viewBox=\"0 0 1000 1000\" xmlns=\"http:\/\/www.w3.org\/2000\/svg\"><path d=\"M742 167L500 408 258 167C246 154 233 150 217 150 196 150 179 158 167 167 154 179 150 196 150 212 150 229 154 242 171 254L408 500 167 742C138 771 138 800 167 829 196 858 225 858 254 829L496 587 738 829C750 842 767 846 783 846 800 846 817 842 829 829 842 817 846 804 846 783 846 767 842 750 829 737L588 500 833 258C863 229 863 200 833 171 804 137 775 137 742 167Z\"><\/path><\/svg>\t\t<\/div>\n\t\t\t\t\t<nav class=\"elementor-nav-menu--dropdown elementor-nav-menu__container\" aria-hidden=\"true\">\n\t\t\t\t<ul id=\"menu-2-36e52540\" class=\"elementor-nav-menu\"><li class=\"menu-item menu-item-type-post_type menu-item-object-page menu-item-28905\"><a href=\"https:\/\/musique-en-perigord.fr\/en\/festival-2025\/\" class=\"elementor-item\" tabindex=\"-1\">Festival 2025<\/a><\/li>\n<li class=\"menu-item menu-item-type-post_type menu-item-object-page menu-item-28989\"><a href=\"https:\/\/musique-en-perigord.fr\/en\/au-fil-des-saisons-2024\/\" class=\"elementor-item\" tabindex=\"-1\">Au fil des saisons 2025<\/a><\/li>\n<li class=\"menu-item menu-item-type-post_type menu-item-object-page menu-item-27981\"><a href=\"https:\/\/musique-en-perigord.fr\/en\/rates-passes-and-mecenat\/\" class=\"elementor-item\" tabindex=\"-1\">Tarifs, Adh\u00e9sion et M\u00e9c\u00e9nat<\/a><\/li>\n<li class=\"menu-item menu-item-type-post_type menu-item-object-page menu-item-27982\"><a href=\"https:\/\/musique-en-perigord.fr\/en\/press-3\/\" class=\"elementor-item\" tabindex=\"-1\">Presse<\/a><\/li>\n<\/ul>\t\t\t<\/nav>\n\t\t\t\t\t\t<\/div>\n\t\t\t\t<\/div>\n\t\t\t\t<div class=\"elementor-element elementor-element-4c0500e2 elementor-align-right elementor-widget elementor-widget-button\" data-id=\"4c0500e2\" data-element_type=\"widget\" data-e-type=\"widget\" data-widget_type=\"button.default\">\n\t\t\t\t<div class=\"elementor-widget-container\">\n\t\t\t\t\t\t\t\t\t<div class=\"elementor-button-wrapper\">\n\t\t\t\t\t<a class=\"elementor-button elementor-button-link elementor-size-md\" href=\"https:\/\/www.billetweb.fr\/bo\/event_list.php\">\n\t\t\t\t\t\t<span class=\"elementor-button-content-wrapper\">\n\t\t\t\t\t\t\t\t\t<span class=\"elementor-button-text\">BILLETTERIE<\/span>\n\t\t\t\t\t<\/span>\n\t\t\t\t\t<\/a>\n\t\t\t\t<\/div>\n\t\t\t\t\t\t\t\t<\/div>\n\t\t\t\t<\/div>\n\t\t\t\t<\/div>\n\t\t<div class=\"elementor-element elementor-element-5daeab1 e-flex e-con-boxed e-con e-parent\" data-id=\"5daeab1\" data-element_type=\"container\" data-e-type=\"container\">\n\t\t\t\t\t<div class=\"e-con-inner\">\n\t\t<div class=\"elementor-element elementor-element-f158187 e-con-full e-flex e-con e-child\" data-id=\"f158187\" data-element_type=\"container\" data-e-type=\"container\">\n\t\t<div class=\"elementor-element elementor-element-478d6a4 e-con-full e-flex e-con e-child\" data-id=\"478d6a4\" data-element_type=\"container\" data-e-type=\"container\">\n\t\t\t\t<div class=\"elementor-element elementor-element-cda7c0f elementor-widget elementor-widget-text-editor\" data-id=\"cda7c0f\" data-element_type=\"widget\" data-e-type=\"widget\" data-widget_type=\"text-editor.default\">\n\t\t\t\t<div class=\"elementor-widget-container\">\n\t\t\t\t\t\t\t\t\t<p data-start=\"153\" data-end=\"213\"><strong data-start=\"153\" data-end=\"213\">Au Fil des Saisons 2025 \u2013 Concerts d\u2019Automne en Dordogne<\/strong><\/p><p>Deux rendez-vous d\u2019exception pour prolonger la magie musicale au c\u0153ur de l\u2019automne : de Ravel \u00e0 Mozart, laissez-vous emporter par la richesse du r\u00e9pertoire de chambre dans des lieux d\u2019une beaut\u00e9 rare.<\/p>\t\t\t\t\t\t\t\t<\/div>\n\t\t\t\t<\/div>\n\t\t\t\t<\/div>\n\t\t\t\t<\/div>\n\t\t\t\t\t<\/div>\n\t\t\t\t<\/div>\n\t\t<div class=\"elementor-element elementor-element-602ecbd e-flex e-con-boxed e-con e-parent\" data-id=\"602ecbd\" data-element_type=\"container\" data-e-type=\"container\">\n\t\t\t\t\t<div class=\"e-con-inner\">\n\t\t<div class=\"elementor-element elementor-element-bc3dbe0 e-con-full e-flex e-con e-child\" data-id=\"bc3dbe0\" data-element_type=\"container\" data-e-type=\"container\">\n\t\t<div class=\"elementor-element elementor-element-10ae9ce e-con-full e-flex e-con e-child\" data-id=\"10ae9ce\" data-element_type=\"container\" data-e-type=\"container\" data-settings=\"{&quot;background_background&quot;:&quot;classic&quot;}\">\n\t\t\t\t<div class=\"elementor-element elementor-element-3425f53 elementor-widget__width-initial elementor-widget-tablet__width-inherit elementor-widget elementor-widget-image\" data-id=\"3425f53\" data-element_type=\"widget\" data-e-type=\"widget\" data-widget_type=\"image.default\">\n\t\t\t\t<div class=\"elementor-widget-container\">\n\t\t\t\t\t\t\t\t\t\t\t\t<figure class=\"wp-caption\">\n\t\t\t\t\t\t\t\t\t\t<img decoding=\"async\" width=\"2048\" height=\"1553\" src=\"https:\/\/musique-en-perigord.fr\/wp-content\/uploads\/2025\/06\/TBA4636_A_HD-scaled-1-2048x1553.jpg\" class=\"attachment-2048x2048 size-2048x2048 wp-image-28993\" alt=\"\" srcset=\"https:\/\/musique-en-perigord.fr\/wp-content\/uploads\/2025\/06\/TBA4636_A_HD-scaled-1-2048x1553.jpg 2048w, https:\/\/musique-en-perigord.fr\/wp-content\/uploads\/2025\/06\/TBA4636_A_HD-scaled-1-300x227.jpg 300w, https:\/\/musique-en-perigord.fr\/wp-content\/uploads\/2025\/06\/TBA4636_A_HD-scaled-1-1024x776.jpg 1024w, https:\/\/musique-en-perigord.fr\/wp-content\/uploads\/2025\/06\/TBA4636_A_HD-scaled-1-768x582.jpg 768w, https:\/\/musique-en-perigord.fr\/wp-content\/uploads\/2025\/06\/TBA4636_A_HD-scaled-1-1536x1165.jpg 1536w, https:\/\/musique-en-perigord.fr\/wp-content\/uploads\/2025\/06\/TBA4636_A_HD-scaled-1-16x12.jpg 16w\" sizes=\"(max-width: 2048px) 100vw, 2048px\" \/>\t\t\t\t\t\t\t\t\t\t\t<figcaption class=\"widget-image-caption wp-caption-text\">\u00a9Thomas Baltes<\/figcaption>\n\t\t\t\t\t\t\t\t\t\t<\/figure>\n\t\t\t\t\t\t\t\t\t<\/div>\n\t\t\t\t<\/div>\n\t\t<div class=\"elementor-element elementor-element-730386a e-con-full e-flex e-con e-child\" data-id=\"730386a\" data-element_type=\"container\" data-e-type=\"container\">\n\t\t\t\t<div class=\"elementor-element elementor-element-421c180 elementor-widget elementor-widget-icon-box\" data-id=\"421c180\" data-element_type=\"widget\" data-e-type=\"widget\" data-widget_type=\"icon-box.default\">\n\t\t\t\t<div class=\"elementor-widget-container\">\n\t\t\t\t\t\t\t<div class=\"elementor-icon-box-wrapper\">\n\n\t\t\t\n\t\t\t\t\t\t<div class=\"elementor-icon-box-content\">\n\n\t\t\t\t\t\t\t\t\t<p class=\"elementor-icon-box-title\">\n\t\t\t\t\t\t<span  >\n\t\t\t\t\t\t\tSamedi 6 septembre, 20h30 \t\t\t\t\t\t<\/span>\n\t\t\t\t\t<\/p>\n\t\t\t\t\n\t\t\t\t\t\t\t\t\t<p class=\"elementor-icon-box-description\">\n\t\t\t\t\t\tChapelle Saint-Martin de Limeuil \t\t\t\t\t<\/p>\n\t\t\t\t\n\t\t\t<\/div>\n\t\t\t\n\t\t<\/div>\n\t\t\t\t\t\t<\/div>\n\t\t\t\t<\/div>\n\t\t\t\t<div class=\"elementor-element elementor-element-7e0b3e9 elementor-widget__width-initial elementor-invisible elementor-widget elementor-widget-testimonial\" data-id=\"7e0b3e9\" data-element_type=\"widget\" data-e-type=\"widget\" data-settings=\"{&quot;_animation&quot;:&quot;fadeInLeft&quot;}\" data-widget_type=\"testimonial.default\">\n\t\t\t\t<div class=\"elementor-widget-container\">\n\t\t\t\t\t\t\t<div class=\"elementor-testimonial-wrapper\">\n\t\t\t\t\t\t\t<div class=\"elementor-testimonial-content\">violon, alto, violoncelle\nPurcell, Bach, Schubert, Mozart<\/div>\n\t\t\t\n\t\t\t\t\t\t<div class=\"elementor-testimonial-meta\">\n\t\t\t\t<div class=\"elementor-testimonial-meta-inner\">\n\t\t\t\t\t\n\t\t\t\t\t\t\t\t\t\t<div class=\"elementor-testimonial-details\">\n\t\t\t\t\t\t\t\t\t\t\t\t\t\t<div class=\"elementor-testimonial-name\">Trio Sypniewski<\/div>\n\t\t\t\t\t\t\t\t\t\t\t\t\t\t\t\t\t\t\t\t\t\t<div class=\"elementor-testimonial-job\">En savoir plus &gt;<\/div>\n\t\t\t\t\t\t\t\t\t\t\t\t\t<\/div>\n\t\t\t\t\t\t\t\t\t<\/div>\n\t\t\t<\/div>\n\t\t\t\t\t<\/div>\n\t\t\t\t\t\t<\/div>\n\t\t\t\t<\/div>\n\t\t<div class=\"elementor-element elementor-element-c24d8ff e-flex e-con-boxed e-con e-child\" data-id=\"c24d8ff\" data-element_type=\"container\" data-e-type=\"container\">\n\t\t\t\t\t<div class=\"e-con-inner\">\n\t\t\t\t<div class=\"elementor-element elementor-element-b8291e8 elementor-tablet-align-center elementor-mobile-align-justify elementor-widget-tablet__width-initial elementor-widget-mobile__width-inherit elementor-widget elementor-widget-button\" data-id=\"b8291e8\" data-element_type=\"widget\" data-e-type=\"widget\" data-widget_type=\"button.default\">\n\t\t\t\t<div class=\"elementor-widget-container\">\n\t\t\t\t\t\t\t\t\t<div class=\"elementor-button-wrapper\">\n\t\t\t\t\t<a class=\"elementor-button elementor-size-lg\" role=\"button\">\n\t\t\t\t\t\t<span class=\"elementor-button-content-wrapper\">\n\t\t\t\t\t\t\t\t\t<span class=\"elementor-button-text\">Billetterie &gt;<\/span>\n\t\t\t\t\t<\/span>\n\t\t\t\t\t<\/a>\n\t\t\t\t<\/div>\n\t\t\t\t\t\t\t\t<\/div>\n\t\t\t\t<\/div>\n\t\t\t\t\t<\/div>\n\t\t\t\t<\/div>\n\t\t\t\t<\/div>\n\t\t\t\t<\/div>\n\t\t\t\t<\/div>\n\t\t\t\t\t<\/div>\n\t\t\t\t<\/div>\n\t\t<div class=\"elementor-element elementor-element-9b1a143 e-flex e-con-boxed e-con e-parent\" data-id=\"9b1a143\" data-element_type=\"container\" data-e-type=\"container\">\n\t\t\t\t\t<div class=\"e-con-inner\">\n\t\t<div class=\"elementor-element elementor-element-1454997 e-con-full e-flex e-con e-child\" data-id=\"1454997\" data-element_type=\"container\" data-e-type=\"container\">\n\t\t<div class=\"elementor-element elementor-element-ecb33d9 e-con-full e-flex e-con e-child\" data-id=\"ecb33d9\" data-element_type=\"container\" data-e-type=\"container\" data-settings=\"{&quot;background_background&quot;:&quot;classic&quot;}\">\n\t\t\t\t<div class=\"elementor-element elementor-element-82ffb8f elementor-widget__width-initial elementor-widget-tablet__width-inherit elementor-widget elementor-widget-image\" data-id=\"82ffb8f\" data-element_type=\"widget\" data-e-type=\"widget\" data-widget_type=\"image.default\">\n\t\t\t\t<div class=\"elementor-widget-container\">\n\t\t\t\t\t\t\t\t\t\t\t\t<figure class=\"wp-caption\">\n\t\t\t\t\t\t\t\t\t\t<img decoding=\"async\" width=\"466\" height=\"553\" src=\"https:\/\/musique-en-perigord.fr\/wp-content\/uploads\/2025\/06\/Depliant-A4-plie-saison-2025-.png\" class=\"attachment-2048x2048 size-2048x2048 wp-image-28994\" alt=\"\" srcset=\"https:\/\/musique-en-perigord.fr\/wp-content\/uploads\/2025\/06\/Depliant-A4-plie-saison-2025-.png 466w, https:\/\/musique-en-perigord.fr\/wp-content\/uploads\/2025\/06\/Depliant-A4-plie-saison-2025--253x300.png 253w, https:\/\/musique-en-perigord.fr\/wp-content\/uploads\/2025\/06\/Depliant-A4-plie-saison-2025--10x12.png 10w\" sizes=\"(max-width: 466px) 100vw, 466px\" \/>\t\t\t\t\t\t\t\t\t\t\t<figcaption class=\"widget-image-caption wp-caption-text\"><\/figcaption>\n\t\t\t\t\t\t\t\t\t\t<\/figure>\n\t\t\t\t\t\t\t\t\t<\/div>\n\t\t\t\t<\/div>\n\t\t<div class=\"elementor-element elementor-element-e94ef70 e-con-full e-flex e-con e-child\" data-id=\"e94ef70\" data-element_type=\"container\" data-e-type=\"container\">\n\t\t\t\t<div class=\"elementor-element elementor-element-950387f elementor-widget elementor-widget-icon-box\" data-id=\"950387f\" data-element_type=\"widget\" data-e-type=\"widget\" data-widget_type=\"icon-box.default\">\n\t\t\t\t<div class=\"elementor-widget-container\">\n\t\t\t\t\t\t\t<div class=\"elementor-icon-box-wrapper\">\n\n\t\t\t\n\t\t\t\t\t\t<div class=\"elementor-icon-box-content\">\n\n\t\t\t\t\t\t\t\t\t<p class=\"elementor-icon-box-title\">\n\t\t\t\t\t\t<span  >\n\t\t\t\t\t\t\tDimanche 28 septembre, 17h\t\t\t\t\t\t<\/span>\n\t\t\t\t\t<\/p>\n\t\t\t\t\n\t\t\t\t\t\t\t\t\t<p class=\"elementor-icon-box-description\">\n\t\t\t\t\t\tEspace Andr\u00e9 Malraux\nCendrieux - Val de Louyre et Caudeau\t\t\t\t\t<\/p>\n\t\t\t\t\n\t\t\t<\/div>\n\t\t\t\n\t\t<\/div>\n\t\t\t\t\t\t<\/div>\n\t\t\t\t<\/div>\n\t\t\t\t<div class=\"elementor-element elementor-element-296b3aa elementor-widget__width-initial elementor-invisible elementor-widget elementor-widget-testimonial\" data-id=\"296b3aa\" data-element_type=\"widget\" data-e-type=\"widget\" data-settings=\"{&quot;_animation&quot;:&quot;fadeInLeft&quot;}\" data-widget_type=\"testimonial.default\">\n\t\t\t\t<div class=\"elementor-widget-container\">\n\t\t\t\t\t\t\t<div class=\"elementor-testimonial-wrapper\">\n\t\t\t\t\t\t\t<div class=\"elementor-testimonial-content\">cordes et piano \n<br>Ravel, Faur\u00e9<\/div>\n\t\t\t\n\t\t\t\t\t\t<div class=\"elementor-testimonial-meta elementor-has-image elementor-testimonial-image-position-top\">\n\t\t\t\t<div class=\"elementor-testimonial-meta-inner\">\n\t\t\t\t\t\t\t\t\t\t\t<div class=\"elementor-testimonial-image\">\n\t\t\t\t\t\t\t<img loading=\"lazy\" decoding=\"async\" width=\"1182\" height=\"1182\" src=\"https:\/\/musique-en-perigord.fr\/wp-content\/uploads\/2024\/06\/Logo_AcademieRavel_BLEU.png\" class=\"attachment-full size-full wp-image-28518\" alt=\"\" srcset=\"https:\/\/musique-en-perigord.fr\/wp-content\/uploads\/2024\/06\/Logo_AcademieRavel_BLEU.png 1182w, https:\/\/musique-en-perigord.fr\/wp-content\/uploads\/2024\/06\/Logo_AcademieRavel_BLEU-300x300.png 300w, https:\/\/musique-en-perigord.fr\/wp-content\/uploads\/2024\/06\/Logo_AcademieRavel_BLEU-1024x1024.png 1024w, https:\/\/musique-en-perigord.fr\/wp-content\/uploads\/2024\/06\/Logo_AcademieRavel_BLEU-150x150.png 150w, https:\/\/musique-en-perigord.fr\/wp-content\/uploads\/2024\/06\/Logo_AcademieRavel_BLEU-768x768.png 768w, https:\/\/musique-en-perigord.fr\/wp-content\/uploads\/2024\/06\/Logo_AcademieRavel_BLEU-12x12.png 12w, https:\/\/musique-en-perigord.fr\/wp-content\/uploads\/2024\/06\/elementor\/thumbs\/Logo_AcademieRavel_BLEU-qpz9g6b2zen12397wvbil1eammsuyaaygvy63cv89s.png 400w\" sizes=\"(max-width: 1182px) 100vw, 1182px\" \/>\t\t\t\t\t\t<\/div>\n\t\t\t\t\t\n\t\t\t\t\t\t\t\t\t\t<div class=\"elementor-testimonial-details\">\n\t\t\t\t\t\t\t\t\t\t\t\t\t\t<div class=\"elementor-testimonial-name\">QUATUOR DE L'ACAD\u00c9MIE RAVEL<\/div>\n\t\t\t\t\t\t\t\t\t\t\t\t\t\t\t\t\t\t\t\t\t\t<div class=\"elementor-testimonial-job\">En savoir plus &gt;<\/div>\n\t\t\t\t\t\t\t\t\t\t\t\t\t<\/div>\n\t\t\t\t\t\t\t\t\t<\/div>\n\t\t\t<\/div>\n\t\t\t\t\t<\/div>\n\t\t\t\t\t\t<\/div>\n\t\t\t\t<\/div>\n\t\t<div class=\"elementor-element elementor-element-5dba97c e-flex e-con-boxed e-con e-child\" data-id=\"5dba97c\" data-element_type=\"container\" data-e-type=\"container\">\n\t\t\t\t\t<div class=\"e-con-inner\">\n\t\t\t\t<div class=\"elementor-element elementor-element-325ec08 elementor-tablet-align-center elementor-mobile-align-justify elementor-widget-tablet__width-initial elementor-widget-mobile__width-inherit elementor-widget elementor-widget-button\" data-id=\"325ec08\" data-element_type=\"widget\" data-e-type=\"widget\" data-widget_type=\"button.default\">\n\t\t\t\t<div class=\"elementor-widget-container\">\n\t\t\t\t\t\t\t\t\t<div class=\"elementor-button-wrapper\">\n\t\t\t\t\t<a class=\"elementor-button elementor-size-lg\" role=\"button\">\n\t\t\t\t\t\t<span class=\"elementor-button-content-wrapper\">\n\t\t\t\t\t\t\t\t\t<span class=\"elementor-button-text\">Billetterie &gt;<\/span>\n\t\t\t\t\t<\/span>\n\t\t\t\t\t<\/a>\n\t\t\t\t<\/div>\n\t\t\t\t\t\t\t\t<\/div>\n\t\t\t\t<\/div>\n\t\t\t\t\t<\/div>\n\t\t\t\t<\/div>\n\t\t\t\t<\/div>\n\t\t\t\t<\/div>\n\t\t\t\t<\/div>\n\t\t\t\t\t<\/div>\n\t\t\t\t<\/div>\n\t\t\t\t<\/div>\n\t\t","protected":false},"excerpt":{"rendered":"<p>BILLETTERIE Au Fil des Saisons 2025 \u2013 Concerts d\u2019Automne en Dordogne Deux rendez-vous d\u2019exception pour prolonger la magie musicale au c\u0153ur de l\u2019automne : de Ravel \u00e0 Mozart, laissez-vous emporter par la richesse du r\u00e9pertoire de chambre dans des lieux d\u2019une beaut\u00e9 rare. \u00a9Thomas Baltes Samedi 6 septembre, 20h30 Chapelle Saint-Martin de Limeuil violon, alto, [&hellip;]<\/p>\n","protected":false},"author":5,"featured_media":0,"parent":0,"menu_order":0,"comment_status":"closed","ping_status":"closed","template":"","meta":{"footnotes":""},"class_list":["post-28990","page","type-page","status-publish","hentry"],"_links":{"self":[{"href":"https:\/\/musique-en-perigord.fr\/en\/wp-json\/wp\/v2\/pages\/28990","targetHints":{"allow":["GET"]}}],"collection":[{"href":"https:\/\/musique-en-perigord.fr\/en\/wp-json\/wp\/v2\/pages"}],"about":[{"href":"https:\/\/musique-en-perigord.fr\/en\/wp-json\/wp\/v2\/types\/page"}],"author":[{"embeddable":true,"href":"https:\/\/musique-en-perigord.fr\/en\/wp-json\/wp\/v2\/users\/5"}],"replies":[{"embeddable":true,"href":"https:\/\/musique-en-perigord.fr\/en\/wp-json\/wp\/v2\/comments?post=28990"}],"version-history":[{"count":4,"href":"https:\/\/musique-en-perigord.fr\/en\/wp-json\/wp\/v2\/pages\/28990\/revisions"}],"predecessor-version":[{"id":29003,"href":"https:\/\/musique-en-perigord.fr\/en\/wp-json\/wp\/v2\/pages\/28990\/revisions\/29003"}],"wp:attachment":[{"href":"https:\/\/musique-en-perigord.fr\/en\/wp-json\/wp\/v2\/media?parent=28990"}],"curies":[{"name":"wp","href":"https:\/\/api.w.org\/{rel}","templated":true}]}}